{"id":7,"date":"2020-04-07T21:56:13","date_gmt":"2020-04-07T19:56:13","guid":{"rendered":"https:\/\/clawhammerbanjo.ch\/?page_id=7"},"modified":"2024-05-02T21:55:59","modified_gmt":"2024-05-02T19:55:59","slug":"banjo-spielen-lernen","status":"publish","type":"page","link":"https:\/\/clawhammerbanjo.ch\/de\/banjo-spielen-lernen\/","title":{"rendered":"Banjo spielen lernen"},"content":{"rendered":"\n<div class=\"wp-block-columns is-layout-flex wp-container-core-columns-is-layout-9d6595d7 wp-block-columns-is-layout-flex\">\n<div class=\"wp-block-column is-layout-flow wp-block-column-is-layout-flow\">\n<h3 class=\"wp-block-heading\">Banjounterricht<\/h3>\n\n\n\n<p>M\u00f6chtest du die Grundlagen des Clawhammer-Banjospiels erlernen, dein Repertoire erweitern oder deine Technik verbessern? Ob einzelne Session oder regelm\u00e4ssiger Unterricht, frag doch einfach einmal an.&nbsp;<br><\/p>\n\n\n\n<p>Unterricht in Deutsch oder Englisch.<br><br>Want to learn the basics of clawhammer banjo playing, expand your repertoire, or improve your technique? Whether it&#8217;s a single session or regular lessons, just use the contact form to send me an e-mail.<br>Did you notice, that you can <a href=\"https:\/\/clawhammerbanjo.ch\/en\">view this website in English<\/a>?<\/p>\n\n\n\n<h3 class=\"wp-block-heading\">Kann ich das lernen?<\/h3>\n\n\n\n<p>Clawhammer-Banjo spielen zu lernen ist gar nicht so schwierig. Anf\u00e4nger:innen jeden Alters und ohne Vorkenntnisse k\u00f6nnen schon nach kurzer Zeit Lieder begleiten und in Jams mitspielen. Wer bereits Ukulele oder Gitarre spielt, kann seine Kenntnisse leicht auf das Banjo \u00fcbertragen. Im Unterschied zum Bluegrassstil, brauchst du f\u00fcr das Clawhammerbanjo auch keine <a href=\"https:\/\/de.wikipedia.org\/wiki\/Fingerpick\" target=\"_blank\" rel=\"noreferrer noopener\">Fingerpicks<\/a>.<\/p>\n\n\n\n<h3 class=\"wp-block-heading\">Eigenes Instrument oder Miete?<\/h3>\n\n\n\n<p>Grunds\u00e4tzlich eignet sich jedes 5-saitige Banjo f\u00fcr die Clawhammer-Spieltechnik, auch wenn im Unterschied zum Bluegrass h\u00e4ufig sogenannte Open-Back-Banjos verwendet werden. Ordentliche Anf\u00e4nger-Banjos gibt es neu ab ca. CHF 500-600.- Ich berate dich gerne. Banjos k\u00f6nnen auch gemietet werden.<\/p>\n<\/div>\n\n\n\n<div class=\"wp-block-column is-layout-flow wp-block-column-is-layout-flow\">\n<h3 class=\"wp-block-heading\">Face-to-face oder online?<\/h3>\n\n\n\n<p>Der Einzelunterricht findet in W\u00e4denswil statt oder ganz bequem bei dir zu Hause \u00fcber das Internet via (ZOOM, Skype, etc.). Online-Lektion sind zwar nicht ganz dasselbe, wie wenn man sich direkt gegen\u00fcber sitzt. Das Ganze funktioniert daf\u00fcr aber auch \u00fcber Landesgrenzen hinweg und spart viel Zeit und schont das Klima.&nbsp;<\/p>\n\n\n\n<h3 class=\"wp-block-heading\">Auf den Stil kommt es an: Clawhammer ist <em>nicht<\/em> Bluegrass!<\/h3>\n\n\n\n<p>H\u00f6r und schau dir die untenstehenden Beispiele auf YouTube an, und entscheide dich dann, welchen Stil du lernen m\u00f6chtest. <\/p>\n\n\n\n<h5 class=\"wp-block-heading\">Clawhammer<\/h5>\n\n\n\n<ul class=\"wp-block-list\">\n<li><strong><a href=\"https:\/\/youtu.be\/EZwx9ih5-WM\">A<\/a><a href=\"https:\/\/youtu.be\/EZwx9ih5-WM\" target=\"_blank\" rel=\"noreferrer noopener\">llison de Groot<\/a><\/strong><\/li>\n\n\n\n<li><a href=\"https:\/\/youtu.be\/3dj3deHTeVk\"><strong>Ch<\/strong><\/a><strong><a href=\"https:\/\/youtu.be\/47mt7xsSwSk\" target=\"_blank\" rel=\"noreferrer noopener\">ris Coole<\/a><\/strong><\/li>\n\n\n\n<li><strong><a rel=\"noreferrer noopener\" href=\"https:\/\/youtu.be\/3dj3deHTeVk\" target=\"_blank\">A<\/a><a href=\"https:\/\/youtu.be\/yvdOgSNRP5Y?t=5\" target=\"_blank\" rel=\"noreferrer noopener\">dam Hurt<\/a><\/strong><\/li>\n<\/ul>\n\n\n\n<h5 class=\"wp-block-heading\">Bluegrass, 3-Finger-Picking (Scruggs-Style)<\/h5>\n\n\n\n<ul class=\"wp-block-list\">\n<li><strong><a href=\"https:\/\/youtu.be\/AJOIqmlI65Y?t=42\" target=\"_blank\" rel=\"noreferrer noopener\">Earl Scruggs<\/a> <\/strong><\/li>\n\n\n\n<li><a href=\"https:\/\/youtu.be\/mOE3KuUbi3M\" target=\"_blank\" rel=\"noreferrer noopener\"><strong>Noam Pickelny<\/strong><\/a><\/li>\n<\/ul>\n\n\n\n<p><strong><span class=\"has-inline-color has-black-color\">Ich unterrichte nur den Clawhammer-Stil.<\/span> <\/strong>Wenn du lieber den Bluegrassstil lernen m\u00f6chtest, schau dir diese <a href=\"https:\/\/www.bluegrass.ch\/szene-links-services\/musiklehrer\/\" target=\"_blank\" rel=\"noreferrer noopener\">Liste mit Bluegrass-Banjo-Lehrern<\/a> an.<\/p>\n\n\n\n<h3 class=\"wp-block-heading\">Kontakt<\/h3>\n\n\n\n<p>Wenn du dich f\u00fcr Clawhammer-Banjo-Unterricht interessiert oder andere Fragen hast, benutze das <a href=\"https:\/\/clawhammerbanjo.ch\/kontakt\/\">Kontaktformular<\/a>.<\/p>\n\n\n\n<p>Ich freue mich darauf, dich kennenzulernen.<\/p>\n\n\n\n<p>Viele Gr\u00fcsse, Caspar<\/p>\n<\/div>\n<\/div>\n\n\n\n<p class=\"has-text-align-right has-large-font-size\">\u00ab<em>A man who plays the banjo has got it made<\/em>.\u00bb <\/p>\n\n\n\n<p class=\"has-text-align-right has-small-font-size\">[Stringbean]<\/p>\n\n\n\n<p><\/p>\n","protected":false},"excerpt":{"rendered":"<p>Banjounterricht M\u00f6chtest du die Grundlagen des Clawhammer-Banjospiels erlernen, dein Repertoire erweitern oder deine Technik verbessern? Ob einzelne Session oder regelm\u00e4ssiger Unterricht, frag doch einfach einmal an.&nbsp; Unterricht in Deutsch oder Englisch. Want to learn the basics of clawhammer banjo playing, expand your repertoire, or improve your technique? Whether it&#8217;s a single session or regular lessons, [&hellip;]<\/p>\n","protected":false},"author":1,"featured_media":100,"parent":0,"menu_order":0,"comment_status":"closed","ping_status":"closed","template":"","meta":{"footnotes":""},"class_list":["post-7","page","type-page","status-publish","has-post-thumbnail","czr-hentry"],"yoast_head":"<!-- This site is optimized with the Yoast SEO plugin v27.3 - https:\/\/yoast.com\/product\/yoast-seo-wordpress\/ -->\n<title>Banjo spielen lernen - clawhammerbanjo.ch<\/title>\n<meta name=\"description\" content=\"M\u00f6chtest du die Grundlagen des Clawhammer-Banjospiels erlernen, dein Repertoire erweitern oder deine Technik verbessern? Ob einzelne Session oder regelm\u00e4ssiger Unterricht, frag doch einfach einmal an.\u00a0\" \/>\n<meta name=\"robots\" content=\"index, follow, max-snippet:-1, max-image-preview:large, max-video-preview:-1\" \/>\n<link rel=\"canonical\" href=\"https:\/\/clawhammerbanjo.ch\/de\/banjo-spielen-lernen\/\" \/>\n<meta property=\"og:locale\" content=\"de_DE\" \/>\n<meta property=\"og:type\" content=\"article\" \/>\n<meta property=\"og:title\" content=\"Banjo spielen lernen\" \/>\n<meta property=\"og:description\" content=\"M\u00f6chtest du die Grundlagen des Clawhammer-Banjospiels erlernen, dein Repertoire erweitern oder deine Technik verbessern? Ob einzelne Session oder regelm\u00e4ssiger Unterricht, frag doch einfach einmal an.\u00a0\" \/>\n<meta property=\"og:url\" content=\"https:\/\/clawhammerbanjo.ch\/de\/banjo-spielen-lernen\/\" \/>\n<meta property=\"og:site_name\" content=\"clawhammerbanjo.ch\" \/>\n<meta property=\"article:modified_time\" content=\"2024-05-02T19:55:59+00:00\" \/>\n<meta property=\"og:image\" content=\"https:\/\/clawhammerbanjo.ch\/wp-content\/uploads\/2020\/04\/banjo_quadrat_3.jpg\" \/>\n\t<meta property=\"og:image:width\" content=\"958\" \/>\n\t<meta property=\"og:image:height\" content=\"958\" \/>\n\t<meta property=\"og:image:type\" content=\"image\/jpeg\" \/>\n<meta name=\"twitter:card\" content=\"summary_large_image\" \/>\n<meta name=\"twitter:title\" content=\"Banjo spielen lernen\" \/>\n<meta name=\"twitter:description\" content=\"M\u00f6chtest du die Grundlagen des Clawhammer-Banjospiels erlernen, dein Repertoire erweitern oder deine Technik verbessern? Ob einzelne Session oder regelm\u00e4ssiger Unterricht, frag doch einfach einmal an.\u00a0\" \/>\n<meta name=\"twitter:label1\" content=\"Gesch\u00e4tzte Lesezeit\" \/>\n\t<meta name=\"twitter:data1\" content=\"3\u00a0Minuten\" \/>\n<script type=\"application\/ld+json\" class=\"yoast-schema-graph\">{\"@context\":\"https:\\\/\\\/schema.org\",\"@graph\":[{\"@type\":\"WebPage\",\"@id\":\"https:\\\/\\\/clawhammerbanjo.ch\\\/banjo-spielen-lernen\\\/\",\"url\":\"https:\\\/\\\/clawhammerbanjo.ch\\\/banjo-spielen-lernen\\\/\",\"name\":\"Banjo spielen lernen - clawhammerbanjo.ch\",\"isPartOf\":{\"@id\":\"https:\\\/\\\/clawhammerbanjo.ch\\\/#website\"},\"primaryImageOfPage\":{\"@id\":\"https:\\\/\\\/clawhammerbanjo.ch\\\/banjo-spielen-lernen\\\/#primaryimage\"},\"image\":{\"@id\":\"https:\\\/\\\/clawhammerbanjo.ch\\\/banjo-spielen-lernen\\\/#primaryimage\"},\"thumbnailUrl\":\"https:\\\/\\\/clawhammerbanjo.ch\\\/wp-content\\\/uploads\\\/2020\\\/04\\\/banjo_quadrat_3.jpg\",\"datePublished\":\"2020-04-07T19:56:13+00:00\",\"dateModified\":\"2024-05-02T19:55:59+00:00\",\"description\":\"M\u00f6chtest du die Grundlagen des Clawhammer-Banjospiels erlernen, dein Repertoire erweitern oder deine Technik verbessern? Ob einzelne Session oder regelm\u00e4ssiger Unterricht, frag doch einfach einmal an.\u00a0\",\"breadcrumb\":{\"@id\":\"https:\\\/\\\/clawhammerbanjo.ch\\\/banjo-spielen-lernen\\\/#breadcrumb\"},\"inLanguage\":\"de-CH\",\"potentialAction\":[{\"@type\":\"ReadAction\",\"target\":[\"https:\\\/\\\/clawhammerbanjo.ch\\\/banjo-spielen-lernen\\\/\"]}]},{\"@type\":\"ImageObject\",\"inLanguage\":\"de-CH\",\"@id\":\"https:\\\/\\\/clawhammerbanjo.ch\\\/banjo-spielen-lernen\\\/#primaryimage\",\"url\":\"https:\\\/\\\/clawhammerbanjo.ch\\\/wp-content\\\/uploads\\\/2020\\\/04\\\/banjo_quadrat_3.jpg\",\"contentUrl\":\"https:\\\/\\\/clawhammerbanjo.ch\\\/wp-content\\\/uploads\\\/2020\\\/04\\\/banjo_quadrat_3.jpg\",\"width\":958,\"height\":958},{\"@type\":\"BreadcrumbList\",\"@id\":\"https:\\\/\\\/clawhammerbanjo.ch\\\/banjo-spielen-lernen\\\/#breadcrumb\",\"itemListElement\":[{\"@type\":\"ListItem\",\"position\":1,\"name\":\"Startseite\",\"item\":\"https:\\\/\\\/clawhammerbanjo.ch\\\/\"},{\"@type\":\"ListItem\",\"position\":2,\"name\":\"Banjo spielen lernen\"}]},{\"@type\":\"WebSite\",\"@id\":\"https:\\\/\\\/clawhammerbanjo.ch\\\/#website\",\"url\":\"https:\\\/\\\/clawhammerbanjo.ch\\\/\",\"name\":\"clawhammerbanjo.ch\",\"description\":\"\",\"potentialAction\":[{\"@type\":\"SearchAction\",\"target\":{\"@type\":\"EntryPoint\",\"urlTemplate\":\"https:\\\/\\\/clawhammerbanjo.ch\\\/?s={search_term_string}\"},\"query-input\":{\"@type\":\"PropertyValueSpecification\",\"valueRequired\":true,\"valueName\":\"search_term_string\"}}],\"inLanguage\":\"de-CH\"}]}<\/script>\n<!-- \/ Yoast SEO plugin. -->","yoast_head_json":{"title":"Banjo spielen lernen - clawhammerbanjo.ch","description":"M\u00f6chtest du die Grundlagen des Clawhammer-Banjospiels erlernen, dein Repertoire erweitern oder deine Technik verbessern? Ob einzelne Session oder regelm\u00e4ssiger Unterricht, frag doch einfach einmal an.\u00a0","robots":{"index":"index","follow":"follow","max-snippet":"max-snippet:-1","max-image-preview":"max-image-preview:large","max-video-preview":"max-video-preview:-1"},"canonical":"https:\/\/clawhammerbanjo.ch\/de\/banjo-spielen-lernen\/","og_locale":"de_DE","og_type":"article","og_title":"Banjo spielen lernen","og_description":"M\u00f6chtest du die Grundlagen des Clawhammer-Banjospiels erlernen, dein Repertoire erweitern oder deine Technik verbessern? Ob einzelne Session oder regelm\u00e4ssiger Unterricht, frag doch einfach einmal an.\u00a0","og_url":"https:\/\/clawhammerbanjo.ch\/de\/banjo-spielen-lernen\/","og_site_name":"clawhammerbanjo.ch","article_modified_time":"2024-05-02T19:55:59+00:00","og_image":[{"width":958,"height":958,"url":"https:\/\/clawhammerbanjo.ch\/wp-content\/uploads\/2020\/04\/banjo_quadrat_3.jpg","type":"image\/jpeg"}],"twitter_card":"summary_large_image","twitter_title":"Banjo spielen lernen","twitter_description":"M\u00f6chtest du die Grundlagen des Clawhammer-Banjospiels erlernen, dein Repertoire erweitern oder deine Technik verbessern? Ob einzelne Session oder regelm\u00e4ssiger Unterricht, frag doch einfach einmal an.\u00a0","twitter_misc":{"Gesch\u00e4tzte Lesezeit":"3\u00a0Minuten"},"schema":{"@context":"https:\/\/schema.org","@graph":[{"@type":"WebPage","@id":"https:\/\/clawhammerbanjo.ch\/banjo-spielen-lernen\/","url":"https:\/\/clawhammerbanjo.ch\/banjo-spielen-lernen\/","name":"Banjo spielen lernen - clawhammerbanjo.ch","isPartOf":{"@id":"https:\/\/clawhammerbanjo.ch\/#website"},"primaryImageOfPage":{"@id":"https:\/\/clawhammerbanjo.ch\/banjo-spielen-lernen\/#primaryimage"},"image":{"@id":"https:\/\/clawhammerbanjo.ch\/banjo-spielen-lernen\/#primaryimage"},"thumbnailUrl":"https:\/\/clawhammerbanjo.ch\/wp-content\/uploads\/2020\/04\/banjo_quadrat_3.jpg","datePublished":"2020-04-07T19:56:13+00:00","dateModified":"2024-05-02T19:55:59+00:00","description":"M\u00f6chtest du die Grundlagen des Clawhammer-Banjospiels erlernen, dein Repertoire erweitern oder deine Technik verbessern? Ob einzelne Session oder regelm\u00e4ssiger Unterricht, frag doch einfach einmal an.\u00a0","breadcrumb":{"@id":"https:\/\/clawhammerbanjo.ch\/banjo-spielen-lernen\/#breadcrumb"},"inLanguage":"de-CH","potentialAction":[{"@type":"ReadAction","target":["https:\/\/clawhammerbanjo.ch\/banjo-spielen-lernen\/"]}]},{"@type":"ImageObject","inLanguage":"de-CH","@id":"https:\/\/clawhammerbanjo.ch\/banjo-spielen-lernen\/#primaryimage","url":"https:\/\/clawhammerbanjo.ch\/wp-content\/uploads\/2020\/04\/banjo_quadrat_3.jpg","contentUrl":"https:\/\/clawhammerbanjo.ch\/wp-content\/uploads\/2020\/04\/banjo_quadrat_3.jpg","width":958,"height":958},{"@type":"BreadcrumbList","@id":"https:\/\/clawhammerbanjo.ch\/banjo-spielen-lernen\/#breadcrumb","itemListElement":[{"@type":"ListItem","position":1,"name":"Startseite","item":"https:\/\/clawhammerbanjo.ch\/"},{"@type":"ListItem","position":2,"name":"Banjo spielen lernen"}]},{"@type":"WebSite","@id":"https:\/\/clawhammerbanjo.ch\/#website","url":"https:\/\/clawhammerbanjo.ch\/","name":"clawhammerbanjo.ch","description":"","potentialAction":[{"@type":"SearchAction","target":{"@type":"EntryPoint","urlTemplate":"https:\/\/clawhammerbanjo.ch\/?s={search_term_string}"},"query-input":{"@type":"PropertyValueSpecification","valueRequired":true,"valueName":"search_term_string"}}],"inLanguage":"de-CH"}]}},"_links":{"self":[{"href":"https:\/\/clawhammerbanjo.ch\/de\/wp-json\/wp\/v2\/pages\/7","targetHints":{"allow":["GET"]}}],"collection":[{"href":"https:\/\/clawhammerbanjo.ch\/de\/wp-json\/wp\/v2\/pages"}],"about":[{"href":"https:\/\/clawhammerbanjo.ch\/de\/wp-json\/wp\/v2\/types\/page"}],"author":[{"embeddable":true,"href":"https:\/\/clawhammerbanjo.ch\/de\/wp-json\/wp\/v2\/users\/1"}],"replies":[{"embeddable":true,"href":"https:\/\/clawhammerbanjo.ch\/de\/wp-json\/wp\/v2\/comments?post=7"}],"version-history":[{"count":38,"href":"https:\/\/clawhammerbanjo.ch\/de\/wp-json\/wp\/v2\/pages\/7\/revisions"}],"predecessor-version":[{"id":368,"href":"https:\/\/clawhammerbanjo.ch\/de\/wp-json\/wp\/v2\/pages\/7\/revisions\/368"}],"wp:featuredmedia":[{"embeddable":true,"href":"https:\/\/clawhammerbanjo.ch\/de\/wp-json\/wp\/v2\/media\/100"}],"wp:attachment":[{"href":"https:\/\/clawhammerbanjo.ch\/de\/wp-json\/wp\/v2\/media?parent=7"}],"curies":[{"name":"wp","href":"https:\/\/api.w.org\/{rel}","templated":true}]}}